{"id":223,"date":"2021-07-01T07:28:32","date_gmt":"2021-07-01T07:28:32","guid":{"rendered":"https:\/\/bahnhofhilfe.ch\/wp\/mobilitaetshilfe\/"},"modified":"2022-01-18T08:13:17","modified_gmt":"2022-01-18T08:13:17","slug":"mobilitaetshilfe","status":"publish","type":"page","link":"https:\/\/bahnhofhilfe.ch\/fr\/","title":{"rendered":"Aide \u00e0 la mobilit\u00e9"},"content":{"rendered":"\n<div class=\"wp-block-columns spalten is-layout-flex wp-container-core-columns-is-layout-9d6595d7 wp-block-columns-is-layout-flex\">\n<div class=\"wp-block-column navspalte is-layout-flow wp-block-column-is-layout-flow\" style=\"flex-basis:28%\">\n<ul class=\"wp-block-list\"><li><strong><a href=\"#\">Aide \u00e0 la mobilit\u00e9<\/a><\/strong><\/li><li><a href=\"https:\/\/bahnhofhilfe.ch\/fr\/autres-prestations\/\">Autres prestations<\/a><\/li><li><a href=\"https:\/\/bahnhofhilfe.ch\/fr\/sites\/\" data-type=\"page\" data-id=\"264\">Sites<\/a><\/li><li><a href=\"https:\/\/bahnhofhilfe.ch\/fr\/postes-vacantes\/\" data-type=\"page\" data-id=\"269\">Postes vacants<\/a><\/li><li><a href=\"https:\/\/bahnhofhilfe.ch\/fr\/traegerschaft\/\" data-type=\"page\" data-id=\"273\">Organisations porteuses<\/a><\/li><li><a href=\"https:\/\/bahnhofhilfe.ch\/fr\/dons-et-soutien\/\" data-type=\"page\" data-id=\"280\">Dons et soutien<\/a><\/li><li><a href=\"https:\/\/bahnhofhilfe.ch\/fr\/liens\/\" data-type=\"page\" data-id=\"284\">Liens<\/a><\/li><\/ul>\n<\/div>\n\n\n\n<div class=\"wp-block-column is-layout-flow wp-block-column-is-layout-flow\">\n<h1 class=\"wp-block-heading\">Aide \u00e0 la mobilit\u00e9<\/h1>\n\n\n\n<p>SOS Aide en Gare apporte un soutien aux personnes pour monter dans le train et en descendre :<br>&#8211; qui sont en fauteuil roulant<br>&#8211; qui ont une mobilit\u00e9 r\u00e9duite<br>&#8211; qui sont aveugles ou malvoyants<br>&#8211; qui ont un autre handicap<\/p>\n\n\n\n<p>SOS Aide en Gare utilise au besoin un <strong>\u00e9l\u00e9vateur (mobilift)<\/strong> ou une <strong>rampe<\/strong>.<br>Les collaboratrices et collaborateurs de SOS Aide en Gare sont v\u00eatus d\u2019un <strong>gilet orange <\/strong>comportant le logo de SOS Aide en Gare.<br>Les prestations de SOS Aide en Gare sont gratuites.<br><br>Un <strong>bagage \u00e0 main <\/strong>est accept\u00e9, pour autant qu\u2019il soit port\u00e9 de mani\u00e8re autonome.<br>Les <strong>valises<\/strong> doivent \u00eatre remises en bagage accompagn\u00e9. SOS Aide en Gare n\u2019est pas \u00e9quip\u00e9e pour porter des bagages.<br><br>La commande pour une Aide \u00e0 la mobilit\u00e9 se fait en ligne, par courriel ou t\u00e9l\u00e9phone.<\/p>\n<\/div>\n\n\n\n<div class=\"wp-block-column is-layout-flow wp-block-column-is-layout-flow\">\n<h2 class=\"wp-block-heading\">Contact<\/h2>\n\n\n\n<p><a href=\"https:\/\/bahnhofhilfe.ch\/fr\/gare-de-bale\/\">\u00bb B\u00e2le CFF<\/a><br><a href=\"https:\/\/bahnhofhilfe.ch\/fr\/berne\/\" data-type=\"page\" data-id=\"287\">\u00bb Berne<\/a><br><a href=\"https:\/\/bahnhofhilfe.ch\/fr\/gare-de-bienne\/\" data-type=\"page\" data-id=\"441\">\u00bb Bienne<\/a><br><a href=\"https:\/\/bahnhofhilfe.ch\/fr\/gare-de-chiasso\/\" data-type=\"page\" data-id=\"467\">\u00bb Chiasso<\/a><br><a href=\"https:\/\/bahnhofhilfe.ch\/fr\/gare-de-geneve-cornavin\/\" data-type=\"page\" data-id=\"461\">\u00bb Gen\u00e8ve Cornavin<\/a><br><a href=\"https:\/\/bahnhofhilfe.ch\/fr\/gare-de-lucerne\/\" data-type=\"page\" data-id=\"475\">\u00bb Lucerne<\/a><br><a href=\"https:\/\/bahnhofhilfe.ch\/fr\/gare-dolten\/\" data-type=\"page\" data-id=\"488\">\u00bb Olten<\/a><br><a href=\"https:\/\/bahnhofhilfe.ch\/fr\/zurich-gare-centrale\/\" data-type=\"page\" data-id=\"501\">\u00bb Zurich gare centrale<\/a><\/p>\n\n\n\n<h2 class=\"wp-block-heading\">Commande en ligne Aide \u00e0 la mobilit\u00e9<\/h2>\n\n\n\n<p><a href=\"https:\/\/bahnhofhilfe.ch\/fr\/bahnhofhilfe-basel\/\" data-type=\"page\" data-id=\"227\">\u00bb <\/a><a href=\"https:\/\/bahnhofhilfe.ch\/fr\/bahnhofhilfe-basel\/\">B\u00e2le<\/a><br><a href=\"https:\/\/bahnhofhilfe.ch\/fr\/berne\/\" data-type=\"page\" data-id=\"287\">\u00bb Berne<\/a><br><a href=\"https:\/\/bahnhofhilfe.ch\/fr\/gare-de-bienne\/\" data-type=\"page\" data-id=\"441\">\u00bb Bienne<\/a><br><a href=\"https:\/\/bahnhofhilfe.ch\/fr\/gare-de-geneve-cornavin\/\" data-type=\"page\" data-id=\"461\">\u00bb Gen\u00e8ve  Cornavin<\/a><br><a href=\"https:\/\/bahnhofhilfe.ch\/fr\/gare-de-lucerne\/\" data-type=\"page\" data-id=\"475\">\u00bb Lucerne<\/a><br><a href=\"https:\/\/bahnhofhilfe.ch\/fr\/gare-dolten\/\" data-type=\"page\" data-id=\"488\">\u00bb Olten<\/a><br>\u00bb <a href=\"https:\/\/bahnhofhilfe.ch\/fr\/zurich-gare-centrale\/\" data-type=\"page\" data-id=\"501\">Zurich gare centrale<\/a><\/p>\n<\/div>\n<\/div>\n","protected":false},"excerpt":{"rendered":"<p>Aide \u00e0 la mobilit\u00e9 Autres prestations Sites Postes vacants Organisations porteuses Dons et soutien Liens Aide \u00e0 la mobilit\u00e9 SOS Aide en Gare apporte un soutien aux personnes pour monter dans le train et en descendre :&#8211; qui sont en fauteuil roulant&#8211; qui ont une mobilit\u00e9 r\u00e9duite&#8211; qui sont aveugles ou malvoyants&#8211; qui ont un [&hellip;]<\/p>\n","protected":false},"author":1,"featured_media":0,"parent":0,"menu_order":0,"comment_status":"closed","ping_status":"closed","template":"","meta":{"_genesis_hide_title":true,"_genesis_hide_breadcrumbs":false,"_genesis_hide_singular_image":false,"_genesis_hide_footer_widgets":false,"_genesis_custom_body_class":"","_genesis_custom_post_class":"","_genesis_layout":"","footnotes":""},"class_list":{"0":"post-223","1":"page","2":"type-page","3":"status-publish","5":"entry"},"_links":{"self":[{"href":"https:\/\/bahnhofhilfe.ch\/fr\/wp-json\/wp\/v2\/pages\/223","targetHints":{"allow":["GET"]}}],"collection":[{"href":"https:\/\/bahnhofhilfe.ch\/fr\/wp-json\/wp\/v2\/pages"}],"about":[{"href":"https:\/\/bahnhofhilfe.ch\/fr\/wp-json\/wp\/v2\/types\/page"}],"author":[{"embeddable":true,"href":"https:\/\/bahnhofhilfe.ch\/fr\/wp-json\/wp\/v2\/users\/1"}],"replies":[{"embeddable":true,"href":"https:\/\/bahnhofhilfe.ch\/fr\/wp-json\/wp\/v2\/comments?post=223"}],"version-history":[{"count":0,"href":"https:\/\/bahnhofhilfe.ch\/fr\/wp-json\/wp\/v2\/pages\/223\/revisions"}],"wp:attachment":[{"href":"https:\/\/bahnhofhilfe.ch\/fr\/wp-json\/wp\/v2\/media?parent=223"}],"curies":[{"name":"wp","href":"https:\/\/api.w.org\/{rel}","templated":true}]}}