{"id":246,"date":"2021-07-02T15:37:51","date_gmt":"2021-07-02T15:37:51","guid":{"rendered":"https:\/\/bahnhofhilfe.ch\/wp\/?page_id=246"},"modified":"2021-07-05T10:55:16","modified_gmt":"2021-07-05T10:55:16","slug":"mentions-obligatoires","status":"publish","type":"page","link":"https:\/\/bahnhofhilfe.ch\/fr\/mentions-obligatoires\/","title":{"rendered":"Mentions obligatoires"},"content":{"rendered":"\n<div class=\"wp-block-columns spalten is-layout-flex wp-container-core-columns-is-layout-9d6595d7 wp-block-columns-is-layout-flex\">\n<div class=\"wp-block-column is-layout-flow wp-block-column-is-layout-flow\" style=\"flex-basis:28%\">\n<ul class=\"wp-block-list\"><li><a href=\"https:\/\/bahnhofhilfe.ch\/fr\/#\">Aide \u00e0 la mobilit\u00e9<\/a><\/li><li><a href=\"https:\/\/bahnhofhilfe.ch\/fr\/autres-prestations\/\">Autres prestations<\/a><\/li><li><a href=\"https:\/\/bahnhofhilfe.ch\/fr\/sites\/\">Sites<\/a><\/li><li><a href=\"https:\/\/bahnhofhilfe.ch\/fr\/postes-vacantes\/\">Postes vacants<\/a><\/li><li><a href=\"https:\/\/bahnhofhilfe.ch\/fr\/traegerschaft\/\">Organisations porteuses<\/a><\/li><li><a href=\"https:\/\/bahnhofhilfe.ch\/fr\/dons-et-soutien\/\">Dons et soutien<\/a><\/li><li><a href=\"https:\/\/bahnhofhilfe.ch\/fr\/liens\/\">Liens<\/a><\/li><\/ul>\n<\/div>\n\n\n\n<div class=\"wp-block-column is-layout-flow wp-block-column-is-layout-flow\" style=\"flex-basis:72%\">\n<h1 class=\"wp-block-heading\">Mentions obligatoires<\/h1>\n\n\n\n<h3 class=\"wp-block-heading\">Propri\u00e9taire<\/h3>\n\n\n\n<p>COMPAGNA Schweiz<br>Lutherstr. 20<br>8004 Z\u00fcrich<\/p>\n\n\n\n<p>PRO FILIA Schweiz<br>Beckenhofstr. 16<br>8006 Z\u00fcrich<\/p>\n\n\n\n<p><a href=\"mailto:info@bahnhofhilfe.ch\">info@bahnhofhilfe.ch<\/a><\/p>\n\n\n\n<p>L\u2019accessibilit\u00e9 de ce site internet a \u00e9t\u00e9 am\u00e9nag\u00e9e pour les besoins des personnes avec un handicap<\/p>\n\n\n\n<h3 class=\"wp-block-heading\">Responsabilit\u00e9<\/h3>\n\n\n\n<p>ous les textes et liens de ce site internet ont fait l&rsquo;objet d&rsquo;un contr\u00f4le minutieux et sont actualis\u00e9s en permanence. Nous d\u00e9clinons toute responsabilit\u00e9 et toute garantie concernant l&rsquo;exactitude, l&rsquo;int\u00e9gralit\u00e9 ou l&rsquo;actualit\u00e9 des informations publi\u00e9es sur ce site. Seul l&rsquo;\u00e9diteur d&rsquo;un site auquel renverrait un lien figurant sur notre site r\u00e9pond de contenus illicites ou erron\u00e9s, et particuli\u00e8rement de dommages pouvant en r\u00e9sulter.<\/p>\n\n\n\n<p>Website: <a href=\"https:\/\/kirschner-webdesign.com\">kirschner webdesign<\/a><\/p>\n<\/div>\n<\/div>\n\n\n\n<p><\/p>\n","protected":false},"excerpt":{"rendered":"<p>Aide \u00e0 la mobilit\u00e9 Autres prestations Sites Postes vacants Organisations porteuses Dons et soutien Liens Mentions obligatoires Propri\u00e9taire COMPAGNA SchweizLutherstr. 208004 Z\u00fcrich PRO FILIA SchweizBeckenhofstr. 168006 Z\u00fcrich info@bahnhofhilfe.ch L\u2019accessibilit\u00e9 de ce site internet a \u00e9t\u00e9 am\u00e9nag\u00e9e pour les besoins des personnes avec un handicap Responsabilit\u00e9 ous les textes et liens de ce site internet ont [&hellip;]<\/p>\n","protected":false},"author":1,"featured_media":0,"parent":0,"menu_order":0,"comment_status":"closed","ping_status":"closed","template":"","meta":{"_genesis_hide_title":true,"_genesis_hide_breadcrumbs":false,"_genesis_hide_singular_image":false,"_genesis_hide_footer_widgets":false,"_genesis_custom_body_class":"","_genesis_custom_post_class":"","_genesis_layout":"","footnotes":""},"class_list":{"0":"post-246","1":"page","2":"type-page","3":"status-publish","5":"entry"},"_links":{"self":[{"href":"https:\/\/bahnhofhilfe.ch\/fr\/wp-json\/wp\/v2\/pages\/246","targetHints":{"allow":["GET"]}}],"collection":[{"href":"https:\/\/bahnhofhilfe.ch\/fr\/wp-json\/wp\/v2\/pages"}],"about":[{"href":"https:\/\/bahnhofhilfe.ch\/fr\/wp-json\/wp\/v2\/types\/page"}],"author":[{"embeddable":true,"href":"https:\/\/bahnhofhilfe.ch\/fr\/wp-json\/wp\/v2\/users\/1"}],"replies":[{"embeddable":true,"href":"https:\/\/bahnhofhilfe.ch\/fr\/wp-json\/wp\/v2\/comments?post=246"}],"version-history":[{"count":0,"href":"https:\/\/bahnhofhilfe.ch\/fr\/wp-json\/wp\/v2\/pages\/246\/revisions"}],"wp:attachment":[{"href":"https:\/\/bahnhofhilfe.ch\/fr\/wp-json\/wp\/v2\/media?parent=246"}],"curies":[{"name":"wp","href":"https:\/\/api.w.org\/{rel}","templated":true}]}}