{"id":273,"date":"2021-07-01T17:11:36","date_gmt":"2021-07-01T17:11:36","guid":{"rendered":"https:\/\/bahnhofhilfe.ch\/wp\/traegerschaft\/"},"modified":"2021-07-05T10:48:51","modified_gmt":"2021-07-05T10:48:51","slug":"traegerschaft","status":"publish","type":"page","link":"https:\/\/bahnhofhilfe.ch\/fr\/traegerschaft\/","title":{"rendered":"Organisations porteuses"},"content":{"rendered":"\n<div class=\"wp-block-columns spalten is-layout-flex wp-container-core-columns-is-layout-9d6595d7 wp-block-columns-is-layout-flex\">\n<div class=\"wp-block-column first is-layout-flow wp-block-column-is-layout-flow\" style=\"flex-basis:28%\">\n<ul class=\"wp-block-list\"><li><a href=\"https:\/\/bahnhofhilfe.ch\/fr\/#\">Aide \u00e0 la mobilit\u00e9<\/a><\/li><li><a href=\"https:\/\/bahnhofhilfe.ch\/fr\/autres-prestations\/\">Autres prestations<\/a><\/li><li><a href=\"https:\/\/bahnhofhilfe.ch\/fr\/sites\/\">Sites<\/a><\/li><li><a href=\"https:\/\/bahnhofhilfe.ch\/fr\/postes-vacantes\/\">Postes vacants<\/a><\/li><li><a href=\"https:\/\/bahnhofhilfe.ch\/fr\/traegerschaft\/\"><strong>Organisations porteuses<\/strong><\/a><\/li><li><a href=\"https:\/\/bahnhofhilfe.ch\/fr\/dons-et-soutien\/\">Dons et soutien<\/a><\/li><li><a href=\"https:\/\/bahnhofhilfe.ch\/fr\/liens\/\">Liens<\/a><\/li><\/ul>\n<\/div>\n\n\n\n<div class=\"wp-block-column is-layout-flow wp-block-column-is-layout-flow\" style=\"flex-basis:72%\">\n<h1 class=\"wp-block-heading\" id=\"main\">Organisations porteuses<\/h1>\n\n\n\n<h2 class=\"wp-block-heading\">But<\/h2>\n\n\n\n<p>La participation \u00e0 la vie sociale, \u00e9conomique et culturelle repr\u00e9sente une grande valeur. Afin que tous puissent y acc\u00e9der, SOS Aide en Gare fournit des prestations utiles dans les carrefours agit\u00e9s et stressants des gares.<\/p>\n\n\n\n<h2 class=\"wp-block-heading\">Origine<\/h2>\n\n\n\n<p>SOS Aide en Gare e a \u00e9t\u00e9 fond\u00e9e il y a plus de 130 ans. \u00c0 l\u2019epoque, les forces vives \u00e9taient l\u2019association des Amies de la Jeune Fille (AJF) \u2013 aujourd\u2019hui COMPAGNA \u2013 et l\u2019association catholique de protection de la jeune fille &#8211; aujourd\u2019hui PRO FILIA. Ces associations ont r\u00e9agi t\u00f4t \u00e0 la migration des jeunes femmes en recherche de travail qui commen\u00e7ait alors \u00e0 se d\u00e9velopper en les soutenant avec des conseils, de la formation et des logements.<\/p>\n\n\n\n<h2 class=\"wp-block-heading\">Organisations porteuses locales<\/h2>\n\n\n\n<p>Les SOS Aide en Gare sont assum\u00e9es par les associations locales de <a href=\"http:\/\/www.compagna.ch\" target=\"_blank\" rel=\"noreferrer noopener\">COMPAGNA<\/a> et de <a href=\"http:\/\/www.profilia.ch\" target=\"_blank\" rel=\"noreferrer noopener\">PRO FILIA<\/a>.<\/p>\n\n\n\n<h2 class=\"wp-block-heading\">Gare &#038; Mobilit\u00e9 SA<\/h2>\n\n\n\n<p><a href=\"mailto:info@aire-en-gare.ch\">info@aire-en-gare.ch<\/a><\/p>\n\n\n\n<p>Les organisations fa\u00eeti\u00e8res<a href=\"http:\/\/www.compagna.ch\" target=\"_blank\" rel=\"noreferrer noopener\"> COMPAGNA<\/a> Suisse et <a href=\"http:\/\/www.profilia.ch\" target=\"_blank\" rel=\"noreferrer noopener\">PRO FILIA<\/a> Suisse d\u00e9tiennent l&rsquo;organisation \u00e0 but non lucratif Gare &#038; Mobilit\u00e9 SA, qui soutient les pr\u00e9occupations de SOS Aide en Gare et garantit la coop\u00e9ration avec les CFF.<\/p>\n\n\n\n<div class=\"wp-block-image\"><figure class=\"alignleft size-large\"><img loading=\"lazy\" decoding=\"async\" width=\"150\" height=\"56\" src=\"https:\/\/bahnhofhilfe.ch\/wp-content\/uploads\/2021\/07\/Compagna.gif\" alt=\"\" class=\"wp-image-121\"\/><\/figure><\/div>\n\n\n\n<figure class=\"wp-block-image size-large\"><img loading=\"lazy\" decoding=\"async\" width=\"71\" height=\"58\" src=\"https:\/\/bahnhofhilfe.ch\/wp-content\/uploads\/2021\/07\/PROFILIA.gif\" alt=\"\" class=\"wp-image-123\"\/><\/figure>\n<\/div>\n<\/div>\n","protected":false},"excerpt":{"rendered":"<p>Aide \u00e0 la mobilit\u00e9 Autres prestations Sites Postes vacants Organisations porteuses Dons et soutien Liens Organisations porteuses But La participation \u00e0 la vie sociale, \u00e9conomique et culturelle repr\u00e9sente une grande valeur. Afin que tous puissent y acc\u00e9der, SOS Aide en Gare fournit des prestations utiles dans les carrefours agit\u00e9s et stressants des gares. Origine SOS [&hellip;]<\/p>\n","protected":false},"author":1,"featured_media":0,"parent":0,"menu_order":0,"comment_status":"closed","ping_status":"closed","template":"","meta":{"_genesis_hide_title":true,"_genesis_hide_breadcrumbs":false,"_genesis_hide_singular_image":false,"_genesis_hide_footer_widgets":false,"_genesis_custom_body_class":"","_genesis_custom_post_class":"","_genesis_layout":"","footnotes":""},"class_list":{"0":"post-273","1":"page","2":"type-page","3":"status-publish","5":"entry"},"_links":{"self":[{"href":"https:\/\/bahnhofhilfe.ch\/fr\/wp-json\/wp\/v2\/pages\/273","targetHints":{"allow":["GET"]}}],"collection":[{"href":"https:\/\/bahnhofhilfe.ch\/fr\/wp-json\/wp\/v2\/pages"}],"about":[{"href":"https:\/\/bahnhofhilfe.ch\/fr\/wp-json\/wp\/v2\/types\/page"}],"author":[{"embeddable":true,"href":"https:\/\/bahnhofhilfe.ch\/fr\/wp-json\/wp\/v2\/users\/1"}],"replies":[{"embeddable":true,"href":"https:\/\/bahnhofhilfe.ch\/fr\/wp-json\/wp\/v2\/comments?post=273"}],"version-history":[{"count":0,"href":"https:\/\/bahnhofhilfe.ch\/fr\/wp-json\/wp\/v2\/pages\/273\/revisions"}],"wp:attachment":[{"href":"https:\/\/bahnhofhilfe.ch\/fr\/wp-json\/wp\/v2\/media?parent=273"}],"curies":[{"name":"wp","href":"https:\/\/api.w.org\/{rel}","templated":true}]}}