{"id":280,"date":"2021-07-01T17:15:45","date_gmt":"2021-07-01T17:15:45","guid":{"rendered":"https:\/\/bahnhofhilfe.ch\/wp\/spenden\/"},"modified":"2021-07-07T12:06:15","modified_gmt":"2021-07-07T12:06:15","slug":"dons-et-soutien","status":"publish","type":"page","link":"https:\/\/bahnhofhilfe.ch\/fr\/dons-et-soutien\/","title":{"rendered":"Dons et soutien"},"content":{"rendered":"\n<div class=\"wp-block-columns spalten is-layout-flex wp-container-core-columns-is-layout-9d6595d7 wp-block-columns-is-layout-flex\">\n<div class=\"wp-block-column first is-layout-flow wp-block-column-is-layout-flow\" style=\"flex-basis:28%\">\n<ul class=\"wp-block-list\"><li><a href=\"https:\/\/bahnhofhilfe.ch\/fr\/#\">Aide \u00e0 la mobilit\u00e9<\/a><\/li><li><a href=\"https:\/\/bahnhofhilfe.ch\/fr\/autres-prestations\/\">Autres prestations<\/a><\/li><li><a href=\"https:\/\/bahnhofhilfe.ch\/fr\/sites\/\">Sites<\/a><\/li><li><a href=\"https:\/\/bahnhofhilfe.ch\/fr\/postes-vacantes\/\">Postes vacants<\/a><\/li><li><a href=\"https:\/\/bahnhofhilfe.ch\/fr\/traegerschaft\/\">Organisations porteuses<\/a><\/li><li><a href=\"https:\/\/bahnhofhilfe.ch\/fr\/dons-et-soutien\/\"><strong>Dons et soutien<\/strong><\/a><\/li><li><a href=\"https:\/\/bahnhofhilfe.ch\/fr\/liens\/\">Liens<\/a><\/li><\/ul>\n<\/div>\n\n\n\n<div class=\"wp-block-column is-layout-flow wp-block-column-is-layout-flow\">\n<h1 class=\"wp-block-heading\">Dons et soutien<\/h1>\n\n\n\n<h2 class=\"wp-block-heading\">Le financement de SOS Aide en Gare<\/h2>\n\n\n\n<p>Les prestations de SOS Aide en Gare sont gratuites. Les comit\u00e9s des associations porteuses travaillent b\u00e9n\u00e9volement. Quelques organisations porteuses soutiennent SOS Aide en Gare avec les b\u00e9n\u00e9fices de leurs pensions. N\u00e9anmoins SOS Aide en Gare a besoin d\u2019un apport suppl\u00e9mentaire important.<\/p>\n\n\n\n<h2 class=\"wp-block-heading\">Soutien<\/h2>\n\n\n\n<p>Tout d\u2019abord les CFF soutiennent SOS Aide en Gare par une contribution financi\u00e8re.<br><br>En plus les SOS Aides en Gare locales sont soutenues suivant les sites par:<\/p>\n\n\n\n<ul class=\"wp-block-list\"><li>le canton et des communes<\/li><li>les \u00e9glises cantonales \u00e9vang\u00e9liques-r\u00e9form\u00e9es et catholiques-romaines ainsi que leurs paroisses<\/li><li>des fondations et entreprises<\/li><li>des associations f\u00e9minines<\/li><\/ul>\n\n\n\n<h2 class=\"wp-block-heading\">Dons<\/h2>\n\n\n\n<p>Beaucoup de personnes font des dons. Elles soutiennent l\u2019action de SOS Aide en Gare, elles sont membres des associations porteuses ou des b\u00e9n\u00e9ficiaires satisfaits.<\/p>\n\n\n\n<h2 class=\"wp-block-heading\">MERCI<\/h2>\n\n\n\n<p>SOS Aide en Gare remercie pour tout soutien et tout don!<\/p>\n<\/div>\n\n\n\n<div class=\"wp-block-column is-layout-flow wp-block-column-is-layout-flow\">\n<h3 class=\"wp-block-heading\">Dons<\/h3>\n\n\n\n<p>Choisissez le site SOS Aide en Gare que vous voulez soutenir:<br><br><a href=\"https:\/\/bahnhofhilfe.ch\/fr\/dons-et-soutien\/don-bale\/\" data-type=\"page\" data-id=\"704\">\u00bb B\u00e2le<\/a><br><a href=\"https:\/\/bahnhofhilfe.ch\/fr\/dons-et-soutien\/don-berne\/\" data-type=\"page\" data-id=\"712\">\u00bb Berne<\/a><br><a href=\"https:\/\/bahnhofhilfe.ch\/fr\/dons-et-soutien\/don-bienne\/\" data-type=\"page\" data-id=\"719\">\u00bb Bienne<\/a><br><a href=\"https:\/\/bahnhofhilfe.ch\/fr\/dons-et-soutien\/don-geneve\/\" data-type=\"page\" data-id=\"728\">\u00bb Gen\u00e8ve<\/a><br><a href=\"https:\/\/bahnhofhilfe.ch\/fr\/dons-et-soutien\/don-lucerne\/\" data-type=\"page\" data-id=\"733\">\u00bb Lucerne<\/a><br><a href=\"https:\/\/bahnhofhilfe.ch\/fr\/dons-et-soutien\/don-olten\/\" data-type=\"page\" data-id=\"749\">\u00bb Olten<\/a><br><a href=\"https:\/\/bahnhofhilfe.ch\/fr\/dons-et-soutien\/don-zurich\/\" data-type=\"page\" data-id=\"753\">\u00bb Zurich<\/a><\/p>\n<\/div>\n<\/div>\n","protected":false},"excerpt":{"rendered":"<p>Aide \u00e0 la mobilit\u00e9 Autres prestations Sites Postes vacants Organisations porteuses Dons et soutien Liens Dons et soutien Le financement de SOS Aide en Gare Les prestations de SOS Aide en Gare sont gratuites. Les comit\u00e9s des associations porteuses travaillent b\u00e9n\u00e9volement. Quelques organisations porteuses soutiennent SOS Aide en Gare avec les b\u00e9n\u00e9fices de leurs pensions. [&hellip;]<\/p>\n","protected":false},"author":1,"featured_media":0,"parent":0,"menu_order":0,"comment_status":"closed","ping_status":"closed","template":"","meta":{"_genesis_hide_title":true,"_genesis_hide_breadcrumbs":false,"_genesis_hide_singular_image":false,"_genesis_hide_footer_widgets":false,"_genesis_custom_body_class":"","_genesis_custom_post_class":"","_genesis_layout":"","footnotes":""},"class_list":{"0":"post-280","1":"page","2":"type-page","3":"status-publish","5":"entry"},"_links":{"self":[{"href":"https:\/\/bahnhofhilfe.ch\/fr\/wp-json\/wp\/v2\/pages\/280","targetHints":{"allow":["GET"]}}],"collection":[{"href":"https:\/\/bahnhofhilfe.ch\/fr\/wp-json\/wp\/v2\/pages"}],"about":[{"href":"https:\/\/bahnhofhilfe.ch\/fr\/wp-json\/wp\/v2\/types\/page"}],"author":[{"embeddable":true,"href":"https:\/\/bahnhofhilfe.ch\/fr\/wp-json\/wp\/v2\/users\/1"}],"replies":[{"embeddable":true,"href":"https:\/\/bahnhofhilfe.ch\/fr\/wp-json\/wp\/v2\/comments?post=280"}],"version-history":[{"count":0,"href":"https:\/\/bahnhofhilfe.ch\/fr\/wp-json\/wp\/v2\/pages\/280\/revisions"}],"wp:attachment":[{"href":"https:\/\/bahnhofhilfe.ch\/fr\/wp-json\/wp\/v2\/media?parent=280"}],"curies":[{"name":"wp","href":"https:\/\/api.w.org\/{rel}","templated":true}]}}