{"id":488,"date":"2021-07-05T07:08:12","date_gmt":"2021-07-05T07:08:12","guid":{"rendered":"https:\/\/bahnhofhilfe.ch\/wp\/?page_id=488"},"modified":"2026-01-04T19:57:38","modified_gmt":"2026-01-04T18:57:38","slug":"gare-dolten","status":"publish","type":"page","link":"https:\/\/bahnhofhilfe.ch\/fr\/gare-dolten\/","title":{"rendered":"Gare d&rsquo;Olten"},"content":{"rendered":"\n<div class=\"wp-block-columns spalten is-layout-flex wp-container-core-columns-is-layout-9d6595d7 wp-block-columns-is-layout-flex\">\n<div class=\"wp-block-column first is-layout-flow wp-block-column-is-layout-flow\" style=\"flex-basis:28%\">\n<p><strong>Aide \u00e0 la mobilit\u00e9<strong><a href=\"https:\/\/bahnhofhilfe.ch\/index.php\"> <\/a><a href=\"#\">&gt; Gare Olten<\/a><\/strong><\/strong><br><a href=\"https:\/\/bahnhofhilfe.ch\/fr\/autres-prestations\/\" data-type=\"page\" data-id=\"108\">Autres prestations<\/a><br><a href=\"https:\/\/bahnhofhilfe.ch\/fr\/sites\/\" data-type=\"page\" data-id=\"113\">Sites<\/a><br><a href=\"https:\/\/bahnhofhilfe.ch\/fr\/postes-vacantes\/\" data-type=\"page\" data-id=\"115\">Postes vacants<\/a><br><a href=\"https:\/\/bahnhofhilfe.ch\/fr\/traegerschaft\/\" data-type=\"page\" data-id=\"118\">Organisations porteuses<\/a><br><a href=\"https:\/\/bahnhofhilfe.ch\/fr\/dons-et-soutien\/\" data-type=\"page\" data-id=\"126\">Dons et soutien<\/a><br><a href=\"https:\/\/bahnhofhilfe.ch\/fr\/liens\/\" data-type=\"page\" data-id=\"131\">Liens<\/a><\/p>\n<\/div>\n\n\n\n<div class=\"wp-block-column is-layout-flow wp-block-column-is-layout-flow\">\n<h1 class=\"wp-block-heading\">SOS Aide en Gare de Olten<\/h1>\n\n\n\n<h2 class=\"wp-block-heading\">Prestations<\/h2>\n\n\n\n<ul class=\"wp-block-list\">\n<li>Aide \u00e0 la mobilit\u00e9<\/li>\n\n\n\n<li>Accompagnements<\/li>\n\n\n\n<li>Aide sur place<\/li>\n<\/ul>\n\n\n\n<h2 class=\"wp-block-heading\">Ouvert<\/h2>\n\n\n\n<figure class=\"wp-block-table\"><table><tbody><tr><td>Lundi &#8211; vendredi<\/td><td>08.00 &#8211; 11.00<br>14.00 &#8211; 18.00<\/td><\/tr><tr><td>Samedi<\/td><td>08.00 &#8211; 11-00<\/td><\/tr><\/tbody><\/table><\/figure>\n\n\n\n<h2 class=\"wp-block-heading\">Ferm\u00e9<\/h2>\n\n\n\n<div class=\"wp-block-bod-modal-block bod-block-popup align-left\"><a href=\"javascript:void(0)\" style=\"font-size:26px \" class=\"bod-block-popup-trigger type_text\">\u00bb An Feiertagen<\/a><div style=\"background-color:rgba(0, 0, 0, 0.1)\" class=\"bod-block-popup-overlay\" data-disabled-overlay-close=\"false\" data-disabled-escape-close=\"false\"><\/div><div role=\"dialog\" aria-modal=\"false\" aria-labelledby=\"\" aria-describedby=\"\" class=\"bod-block-popup-wrap undefined\"><div style=\"background-color:#ffffff;border-radius:10px \" class=\"bod-block-popup size-m\" data-transition=\"fade\"><div id=\"\" style=\"background-color:#ffffff;text-align:left\" class=\"bod-modal-title\"><button type=\"button\" style=\"font-size:22px \" class=\"bod-block-title-closer\" aria-label=\"Close\"><span aria-hidden=\"true\">\u00d7<\/span><\/button><\/div> <div id=\"\" style=\"padding:50px \" class=\"bod-modal-content\">\n<h2 class=\"wp-block-heading\"><strong>Jours de f\u00e9ri\u00e9s 2026<\/strong><\/h2>\n\n\n\n<figure class=\"wp-block-table\"><table><tbody><tr><td>Jour de l&rsquo;an<\/td><td>01 janvier<\/td><\/tr><tr><td>Jour de l&rsquo;an<\/td><td>02 janvier<\/td><\/tr><tr><td>Vendredi Saint<\/td><td>03 avril<\/td><\/tr><tr><td>Lundi de P\u00e2ques<\/td><td>06 avril<\/td><\/tr><tr><td>F\u00eate du travail<\/td><td>01 mai, ferm\u00e9 d\u00e8s 12h<\/td><\/tr><tr><td>Ascension<\/td><td>14 mai<\/td><\/tr><tr><td>Lundi de Pentec\u00f4te<\/td><td>25 mai <\/td><\/tr><tr><td>F\u00eate-Dieu<\/td><td>04 juin<\/td><\/tr><tr><td>F\u00eate Nationale<\/td><td>01 ao\u00fbt<\/td><\/tr><tr><td>F\u00eate de l&rsquo;Assomption<\/td><td>15 ao\u00fbt<\/td><\/tr><tr><td>No\u00ebl<\/td><td>25 d\u00e9cembre<\/td><\/tr><tr><td>\ufeff<\/td><td>26 d\u00e9cembre<\/td><\/tr><\/tbody><\/table><\/figure>\n\n\n\n<p>\ufeff<\/p>\n<\/div> <\/div> <\/div><\/div>\n\n\n\n<h2 class=\"wp-block-heading\">Emplacement<\/h2>\n\n\n\n<p class=\"sg-popup-id-95\">Pr\u00e8s de la voie 4, Secteur D<br><\/p>\n\n\n\n<div class=\"wp-block-bod-modal-block bod-block-popup align-left\"><a href=\"javascript:void(0)\" style=\"font-size:26px \" class=\"bod-block-popup-trigger type_text\">\u00bb Team<\/a><div style=\"background-color:rgba(0, 0, 0, 0.1)\" class=\"bod-block-popup-overlay\" data-disabled-overlay-close=\"false\" data-disabled-escape-close=\"false\"><\/div><div role=\"dialog\" aria-modal=\"false\" aria-labelledby=\"\" aria-describedby=\"\" class=\"bod-block-popup-wrap undefined\"><div style=\"background-color:#ffffff;border-radius:10px \" class=\"bod-block-popup size-l\" data-transition=\"fade\"><div id=\"\" style=\"background-color:#ffffff;text-align:center\" class=\"bod-modal-title\"><button type=\"button\" style=\"font-size:26px \" class=\"bod-block-title-closer\" aria-label=\"Close\"><span aria-hidden=\"true\">\u00d7<\/span><\/button><\/div> <div id=\"\" style=\"padding:30px \" class=\"bod-modal-content\">\n<figure class=\"wp-block-gallery has-nested-images columns-4 is-cropped team wp-block-gallery-1 is-layout-flex wp-block-gallery-is-layout-flex\">\n<figure class=\"wp-block-image size-large\"><img loading=\"lazy\" decoding=\"async\" width=\"400\" height=\"473\" data-id=\"407\" src=\"https:\/\/bahnhofhilfe.ch\/wp-content\/uploads\/2021\/07\/Manuela-Berner.jpg\" alt=\"\" class=\"wp-image-407\" srcset=\"https:\/\/bahnhofhilfe.ch\/wp-content\/uploads\/2021\/07\/Manuela-Berner.jpg 400w, https:\/\/bahnhofhilfe.ch\/wp-content\/uploads\/2021\/07\/Manuela-Berner-254x300.jpg 254w, https:\/\/bahnhofhilfe.ch\/wp-content\/uploads\/2021\/07\/Manuela-Berner-200x237.jpg 200w\" sizes=\"auto, (max-width: 400px) 100vw, 400px\" \/><figcaption class=\"wp-element-caption\">Manuela Berner<\/figcaption><\/figure>\n\n\n\n<figure class=\"wp-block-image size-large\"><img loading=\"lazy\" decoding=\"async\" width=\"91\" height=\"108\" data-id=\"409\" src=\"https:\/\/bahnhofhilfe.ch\/wp-content\/uploads\/2021\/07\/Luescher_S.jpg\" alt=\"\" class=\"wp-image-409\"\/><figcaption class=\"wp-element-caption\">Sandra L\u00fcscher<\/figcaption><\/figure>\n\n\n\n<figure class=\"wp-block-image size-large\"><img loading=\"lazy\" decoding=\"async\" width=\"400\" height=\"473\" data-id=\"410\" src=\"https:\/\/bahnhofhilfe.ch\/wp-content\/uploads\/2021\/07\/s-ruesch.jpg\" alt=\"\" class=\"wp-image-410\" srcset=\"https:\/\/bahnhofhilfe.ch\/wp-content\/uploads\/2021\/07\/s-ruesch.jpg 400w, https:\/\/bahnhofhilfe.ch\/wp-content\/uploads\/2021\/07\/s-ruesch-254x300.jpg 254w, https:\/\/bahnhofhilfe.ch\/wp-content\/uploads\/2021\/07\/s-ruesch-200x237.jpg 200w\" sizes=\"auto, (max-width: 400px) 100vw, 400px\" \/><figcaption class=\"wp-element-caption\">Sonja Ruesch<\/figcaption><\/figure>\n\n\n\n<figure class=\"wp-block-image size-large\"><img loading=\"lazy\" decoding=\"async\" width=\"91\" height=\"111\" data-id=\"411\" src=\"https:\/\/bahnhofhilfe.ch\/wp-content\/uploads\/2021\/07\/SchneggAndreas.jpg\" alt=\"\" class=\"wp-image-411\"\/><figcaption class=\"wp-element-caption\">Andreas Schnegg<\/figcaption><\/figure>\n<\/figure>\n<\/div> <\/div> <\/div><\/div>\n<\/div>\n\n\n\n<div class=\"wp-block-column is-layout-flow wp-block-column-is-layout-flow\">\n<h2 class=\"wp-block-heading\">Contact<\/h2>\n\n\n\n<figure class=\"wp-block-table\"><table><tbody><tr><td>T\u00e9l\u00e9phone<\/td><td>+41 51 229 52 40<\/td><\/tr><tr><td>Mobile<\/td><td>+41 79 505 03 42<\/td><\/tr><\/tbody><\/table><\/figure>\n\n\n\n<p><a href=\"mailto:olten@bahnhofhilfe.ch\">olten@bahnhofhilfe.ch<\/a><\/p>\n\n\n\n<p><br><strong>Personne en fauteuil roulant<\/strong><br>Adressez-vous directement \u00e0:<br>Contact Center Handicap<\/p>\n\n\n\n<p>R\u00e9servez la prestation d\u2019assistance souhait\u00e9e au moins une heure avant l\u2019embarquement ou le d\u00e9barquement. Ce d\u00e9lai est de deux heures, si vous avez besoin d\u2019un service de navettes, et de 24 heures pour les voyages internationaux. Pour conna\u00eetre les exceptions, veuillez consulter la carte synoptique pour les personnes \u00e0 mobilit\u00e9 r\u00e9duite.<\/p>\n\n\n\n<figure class=\"wp-block-table is-style-regular\"><table><tbody><tr><td>Appel de Suisse<\/td><td>0800 007 102 gratuit<br>(de 5:00 \u00e0 24:00 heures)<\/td><\/tr><tr><td>Appel de l&rsquo;\u00e9tranger<\/td><td>+41 800 007 102<\/td><\/tr><\/tbody><\/table><\/figure>\n\n\n\n<p><a href=\"https:\/\/www.swisspass.ch\/handicap?lang=fr\">CFF &#8211; Formulaire en ligne<\/a><br><a href=\"http:\/\/www.sbb.ch\/handicap\">www.sbb.ch\/handicap<\/a><\/p>\n\n\n\n<div style=\"height:12px\" aria-hidden=\"true\" class=\"wp-block-spacer\"><\/div>\n\n\n\n<h2 class=\"wp-block-heading\">Commande en ligne Aide \u00e0 la mobilit\u00e9<\/h2>\n\n\n\n<p>*\u00e9toile signifie une grille obligatoire<\/p>\n\n\n<div class=\"wpforms-container wpforms-container-full wpforms-block wpforms-block-3663b0eb-189f-4c53-835a-c11731003cd2\" id=\"wpforms-778\"><form id=\"wpforms-form-778\" class=\"wpforms-validate wpforms-form\" data-formid=\"778\" method=\"post\" enctype=\"multipart\/form-data\" action=\"\/fr\/wp-json\/wp\/v2\/pages\/488\" data-token=\"13c3f14552024dd2f9287938bc0e0fb8\" data-token-time=\"1777718451\"><noscript class=\"wpforms-error-noscript\">Veuillez activer JavaScript dans votre navigateur pour remplir ce formulaire.<\/noscript><div class=\"wpforms-field-container\"><div id=\"wpforms-778-field_31-container\" class=\"wpforms-field wpforms-field-text\" data-field-id=\"31\"><label class=\"wpforms-field-label\" for=\"wpforms-778-field_31\">Date du voyage <span class=\"wpforms-required-label\">*<\/span><\/label><input type=\"text\" id=\"wpforms-778-field_31\" class=\"wpforms-field-small wpforms-field-required\" name=\"wpforms[fields][31]\" required><div class=\"wpforms-field-description\">(Ex. 01.01.2023)<\/div><\/div><div id=\"wpforms-778-field_5-container\" class=\"wpforms-field wpforms-field-checkbox wpforms-list-inline\" data-field-id=\"5\"><label class=\"wpforms-field-label wpforms-label-hide\">Anrede<\/label><ul id=\"wpforms-778-field_5\"><li class=\"choice-1 depth-1\"><input type=\"checkbox\" id=\"wpforms-778-field_5_1\" name=\"wpforms[fields][5][]\" value=\"Madame\"  ><label class=\"wpforms-field-label-inline\" for=\"wpforms-778-field_5_1\">Madame<\/label><\/li><li class=\"choice-2 depth-1\"><input type=\"checkbox\" id=\"wpforms-778-field_5_2\" name=\"wpforms[fields][5][]\" value=\"Monsieur\"  ><label class=\"wpforms-field-label-inline\" for=\"wpforms-778-field_5_2\">Monsieur<\/label><\/li><\/ul><\/div><div id=\"wpforms-778-field_0-container\" class=\"wpforms-field wpforms-field-name wpforms-one-half wpforms-first\" data-field-id=\"0\"><label class=\"wpforms-field-label\" for=\"wpforms-778-field_0\">Nom <span class=\"wpforms-required-label\">*<\/span><\/label><input type=\"text\" id=\"wpforms-778-field_0\" class=\"wpforms-field-large wpforms-field-required\" name=\"wpforms[fields][0]\" required><\/div><div id=\"wpforms-778-field_4-container\" class=\"wpforms-field wpforms-field-text wpforms-one-half\" data-field-id=\"4\"><label class=\"wpforms-field-label\" for=\"wpforms-778-field_4\">Pr\u00e9nom <span class=\"wpforms-required-label\">*<\/span><\/label><input type=\"text\" id=\"wpforms-778-field_4\" class=\"wpforms-field-large wpforms-field-required\" name=\"wpforms[fields][4]\" required><\/div><div id=\"wpforms-778-field_20-container\" class=\"wpforms-field wpforms-field-text wpforms-one-third wpforms-first\" data-field-id=\"20\"><label class=\"wpforms-field-label\" for=\"wpforms-778-field_20\">No Postal <span class=\"wpforms-required-label\">*<\/span><\/label><input type=\"text\" id=\"wpforms-778-field_20\" class=\"wpforms-field-large wpforms-field-required\" name=\"wpforms[fields][20]\" required><\/div><div id=\"wpforms-778-field_6-container\" class=\"wpforms-field wpforms-field-text wpforms-two-thirds\" data-field-id=\"6\"><label class=\"wpforms-field-label\" for=\"wpforms-778-field_6\">Lieu <span class=\"wpforms-required-label\">*<\/span><\/label><input type=\"text\" id=\"wpforms-778-field_6\" class=\"wpforms-field-large wpforms-field-required\" name=\"wpforms[fields][6]\" required><\/div><div id=\"wpforms-778-field_23-container\" class=\"wpforms-field wpforms-field-phone\" data-field-id=\"23\"><label class=\"wpforms-field-label\" for=\"wpforms-778-field_23\">T\u00e9l\u00e9phone <span class=\"wpforms-required-label\">*<\/span><\/label><input type=\"tel\" id=\"wpforms-778-field_23\" class=\"wpforms-field-medium wpforms-field-required\" data-rule-int-phone-field=\"true\" name=\"wpforms[fields][23]\" aria-label=\"T\u00e9l\u00e9phone\" required><\/div><div id=\"wpforms-778-field_1-container\" class=\"wpforms-field wpforms-field-email\" data-field-id=\"1\"><label class=\"wpforms-field-label\" for=\"wpforms-778-field_1\">Courriel <span class=\"wpforms-required-label\">*<\/span><\/label><input type=\"email\" id=\"wpforms-778-field_1\" class=\"wpforms-field-large wpforms-field-required\" name=\"wpforms[fields][1]\" spellcheck=\"false\" required><\/div><div id=\"wpforms-778-field_8-container\" class=\"wpforms-field wpforms-field-text wpforms-one-half wpforms-first\" data-field-id=\"8\"><label class=\"wpforms-field-label\" for=\"wpforms-778-field_8\">Arriv\u00e9e de<\/label><input type=\"text\" id=\"wpforms-778-field_8\" class=\"wpforms-field-large\" name=\"wpforms[fields][8]\" ><\/div><div id=\"wpforms-778-field_9-container\" class=\"wpforms-field wpforms-field-text wpforms-one-half\" data-field-id=\"9\"><label class=\"wpforms-field-label\" for=\"wpforms-778-field_9\">Heure<\/label><input type=\"text\" id=\"wpforms-778-field_9\" class=\"wpforms-field-large\" name=\"wpforms[fields][9]\" ><\/div><div id=\"wpforms-778-field_10-container\" class=\"wpforms-field wpforms-field-text wpforms-one-half wpforms-first\" data-field-id=\"10\"><label class=\"wpforms-field-label\" for=\"wpforms-778-field_10\">D\u00e9part pour<\/label><input type=\"text\" id=\"wpforms-778-field_10\" class=\"wpforms-field-large\" name=\"wpforms[fields][10]\" ><\/div><div id=\"wpforms-778-field_11-container\" class=\"wpforms-field wpforms-field-text wpforms-one-half\" data-field-id=\"11\"><label class=\"wpforms-field-label\" for=\"wpforms-778-field_11\">Heure<\/label><input type=\"text\" id=\"wpforms-778-field_11\" class=\"wpforms-field-large\" name=\"wpforms[fields][11]\" ><\/div><div id=\"wpforms-778-field_14-container\" class=\"wpforms-field wpforms-field-checkbox wpforms-list-inline\" data-field-id=\"14\"><label class=\"wpforms-field-label\">Je voyage en<\/label><ul id=\"wpforms-778-field_14\"><li class=\"choice-1 depth-1\"><input type=\"checkbox\" id=\"wpforms-778-field_14_1\" name=\"wpforms[fields][14][]\" value=\"1\u00e8re classe\"  ><label class=\"wpforms-field-label-inline\" for=\"wpforms-778-field_14_1\">1\u00e8re classe<\/label><\/li><li class=\"choice-2 depth-1\"><input type=\"checkbox\" id=\"wpforms-778-field_14_2\" name=\"wpforms[fields][14][]\" value=\"2\u00e8me classe\"  ><label class=\"wpforms-field-label-inline\" for=\"wpforms-778-field_14_2\">2\u00e8me classe<\/label><\/li><\/ul><\/div><div id=\"wpforms-778-field_15-container\" class=\"wpforms-field wpforms-field-checkbox wpforms-conditional-trigger\" data-field-id=\"15\"><label class=\"wpforms-field-label\">Handicap<\/label><ul id=\"wpforms-778-field_15\"><li class=\"choice-1 depth-1\"><input type=\"checkbox\" id=\"wpforms-778-field_15_1\" name=\"wpforms[fields][15][]\" value=\" Mobilit\u00e9 r\u00e9duite \"  ><label class=\"wpforms-field-label-inline\" for=\"wpforms-778-field_15_1\">Mobilit\u00e9 r\u00e9duite<\/label><\/li><li class=\"choice-2 depth-1\"><input type=\"checkbox\" id=\"wpforms-778-field_15_2\" name=\"wpforms[fields][15][]\" value=\" Malvoyance \"  ><label class=\"wpforms-field-label-inline\" for=\"wpforms-778-field_15_2\">Malvoyance<\/label><\/li><li class=\"choice-5 depth-1\"><input type=\"checkbox\" id=\"wpforms-778-field_15_5\" name=\"wpforms[fields][15][]\" value=\"Pour le changement de train j\u2019ai besoin d\u2019un fauteuil roulant de SOS Aide en Gare\"  ><label class=\"wpforms-field-label-inline\" for=\"wpforms-778-field_15_5\">Pour le changement de train j\u2019ai besoin d\u2019un fauteuil roulant de SOS Aide en Gare<\/label><\/li><li class=\"choice-4 depth-1\"><input type=\"checkbox\" id=\"wpforms-778-field_15_4\" name=\"wpforms[fields][15][]\" value=\"Autre handicap:\"  ><label class=\"wpforms-field-label-inline\" for=\"wpforms-778-field_15_4\">Autre handicap:<\/label><\/li><\/ul><\/div><div id=\"wpforms-778-field_30-container\" class=\"wpforms-field wpforms-field-text wpforms-conditional-field wpforms-conditional-show\" data-field-id=\"30\" style=\"display:none;\"><label class=\"wpforms-field-label wpforms-label-hide\" for=\"wpforms-778-field_30\">Autre handicap<\/label><input type=\"text\" id=\"wpforms-778-field_30\" class=\"wpforms-field-large\" name=\"wpforms[fields][30]\" ><\/div><div id=\"wpforms-778-field_16-container\" class=\"wpforms-field wpforms-field-checkbox\" data-field-id=\"16\"><label class=\"wpforms-field-label\">Bagage \u00e0 main <span class=\"wpforms-required-label\">*<\/span><\/label><ul id=\"wpforms-778-field_16\" class=\"wpforms-field-required\"><li class=\"choice-1 depth-1\"><input type=\"checkbox\" id=\"wpforms-778-field_16_1\" name=\"wpforms[fields][16][]\" value=\"Je transporte mon bagage \u00e0 main sans l\u2019aide de tiers\" required ><label class=\"wpforms-field-label-inline\" for=\"wpforms-778-field_16_1\">Je transporte mon bagage \u00e0 main sans l\u2019aide de tiers<\/label><\/li><\/ul><\/div><div id=\"wpforms-778-field_17-container\" class=\"wpforms-field wpforms-field-checkbox\" data-field-id=\"17\"><label class=\"wpforms-field-label\">Valises <span class=\"wpforms-required-label\">*<\/span><\/label><ul id=\"wpforms-778-field_17\" class=\"wpforms-field-required\"><li class=\"choice-1 depth-1\"><input type=\"checkbox\" id=\"wpforms-778-field_17_1\" name=\"wpforms[fields][17][]\" value=\"Je mettrai mes valises en bagage accompagn\u00e9\" required ><label class=\"wpforms-field-label-inline\" for=\"wpforms-778-field_17_1\">Je mettrai mes valises en bagage accompagn\u00e9<\/label><\/li><\/ul><\/div><div id=\"wpforms-778-field_21-container\" class=\"wpforms-field wpforms-field-textarea\" data-field-id=\"21\"><label class=\"wpforms-field-label\" for=\"wpforms-778-field_21\">Remarques<\/label><textarea id=\"wpforms-778-field_21\" class=\"wpforms-field-medium\" name=\"wpforms[fields][21]\" ><\/textarea><\/div><div id=\"wpforms-778-field_34-container\" class=\"wpforms-field wpforms-field-html\" data-field-id=\"34\"><div id=\"wpforms-778-field_34\"><a href=\"https:\/\/bahnhofhilfe.ch\/fr\/declaration-de-confidentialite\/\"  target=\"_blank\"> \u00bb D\u00e9claration de confidentialit\u00e9<\/a><\/div><\/div><div id=\"wpforms-778-field_18-container\" class=\"wpforms-field wpforms-field-checkbox\" data-field-id=\"18\"><label class=\"wpforms-field-label wpforms-label-hide\">D\u00e9claration de confidentialit\u00e9 <span class=\"wpforms-required-label\">*<\/span><\/label><ul id=\"wpforms-778-field_18\" class=\"wpforms-field-required\"><li class=\"choice-1 depth-1\"><input type=\"checkbox\" id=\"wpforms-778-field_18_1\" name=\"wpforms[fields][18][]\" value=\"J&#039;ai lu la d\u00e9claration de confidentialit\u00e9\" required ><label class=\"wpforms-field-label-inline\" for=\"wpforms-778-field_18_1\">J&rsquo;ai lu la d\u00e9claration de confidentialit\u00e9<\/label><\/li><\/ul><\/div><div id=\"wpforms-778-field_28-container\" class=\"wpforms-field wpforms-field-checkbox\" data-field-id=\"28\"><label class=\"wpforms-field-label wpforms-label-hide\">J\u2019aimerais obtenir une copie de la commande par courriel<\/label><ul id=\"wpforms-778-field_28\"><li class=\"choice-1 depth-1\"><input type=\"checkbox\" id=\"wpforms-778-field_28_1\" name=\"wpforms[fields][28][]\" value=\"J\u2019aimerais obtenir une copie de la commande par courriel \"  ><label class=\"wpforms-field-label-inline\" for=\"wpforms-778-field_28_1\">J\u2019aimerais obtenir une copie de la commande par courriel<\/label><\/li><\/ul><\/div><\/div><!-- .wpforms-field-container --><div class=\"wpforms-submit-container\" ><input type=\"hidden\" name=\"wpforms[id]\" value=\"778\"><input type=\"hidden\" name=\"page_title\" value=\"\"><input type=\"hidden\" name=\"page_url\" value=\"https:\/\/bahnhofhilfe.ch\/fr\/wp-json\/wp\/v2\/pages\/488\"><input type=\"hidden\" name=\"url_referer\" value=\"\"><button type=\"submit\" name=\"wpforms[submit]\" id=\"wpforms-submit-778\" class=\"wpforms-submit\" data-alt-text=\"Envoyer...\" data-submit-text=\"Envoyer\" aria-live=\"assertive\" value=\"wpforms-submit\">Envoyer<\/button><\/div><\/form><\/div>  <!-- .wpforms-container -->\n\n\n<p><strong>Confirmation de la commande<\/strong><br>L&rsquo;Aide en Gare confirmera votre commande.<br><strong><br>Point de rende-vous<\/strong><br>L&rsquo;Aide en Gare fixera le lieu et l&rsquo;heure du rendez-vous<\/p>\n<\/div>\n<\/div>\n\n\n\n<p><\/p>\n","protected":false},"excerpt":{"rendered":"<p>Aide \u00e0 la mobilit\u00e9 &gt; Gare OltenAutres prestationsSitesPostes vacantsOrganisations porteusesDons et soutienLiens SOS Aide en Gare de Olten Prestations Ouvert Lundi &#8211; vendredi 08.00 &#8211; 11.0014.00 &#8211; 18.00 Samedi 08.00 &#8211; 11-00 Ferm\u00e9 Emplacement Pr\u00e8s de la voie 4, Secteur D Contact T\u00e9l\u00e9phone +41 51 229 52 40 Mobile +41 79 505 03 42 olten@bahnhofhilfe.ch [&hellip;]<\/p>\n","protected":false},"author":1,"featured_media":0,"parent":0,"menu_order":0,"comment_status":"closed","ping_status":"closed","template":"","meta":{"_genesis_hide_title":true,"_genesis_hide_breadcrumbs":false,"_genesis_hide_singular_image":false,"_genesis_hide_footer_widgets":false,"_genesis_custom_body_class":"","_genesis_custom_post_class":"","_genesis_layout":"","footnotes":""},"class_list":{"0":"post-488","1":"page","2":"type-page","3":"status-publish","5":"entry"},"_links":{"self":[{"href":"https:\/\/bahnhofhilfe.ch\/fr\/wp-json\/wp\/v2\/pages\/488","targetHints":{"allow":["GET"]}}],"collection":[{"href":"https:\/\/bahnhofhilfe.ch\/fr\/wp-json\/wp\/v2\/pages"}],"about":[{"href":"https:\/\/bahnhofhilfe.ch\/fr\/wp-json\/wp\/v2\/types\/page"}],"author":[{"embeddable":true,"href":"https:\/\/bahnhofhilfe.ch\/fr\/wp-json\/wp\/v2\/users\/1"}],"replies":[{"embeddable":true,"href":"https:\/\/bahnhofhilfe.ch\/fr\/wp-json\/wp\/v2\/comments?post=488"}],"version-history":[{"count":3,"href":"https:\/\/bahnhofhilfe.ch\/fr\/wp-json\/wp\/v2\/pages\/488\/revisions"}],"predecessor-version":[{"id":2655,"href":"https:\/\/bahnhofhilfe.ch\/fr\/wp-json\/wp\/v2\/pages\/488\/revisions\/2655"}],"wp:attachment":[{"href":"https:\/\/bahnhofhilfe.ch\/fr\/wp-json\/wp\/v2\/media?parent=488"}],"curies":[{"name":"wp","href":"https:\/\/api.w.org\/{rel}","templated":true}]}}