{"id":501,"date":"2021-07-05T07:18:35","date_gmt":"2021-07-05T07:18:35","guid":{"rendered":"https:\/\/bahnhofhilfe.ch\/wp\/?page_id=501"},"modified":"2026-04-01T16:18:24","modified_gmt":"2026-04-01T14:18:24","slug":"zurich-gare-centrale","status":"publish","type":"page","link":"https:\/\/bahnhofhilfe.ch\/fr\/zurich-gare-centrale\/","title":{"rendered":"Zurich gare centrale"},"content":{"rendered":"\n<div class=\"wp-block-columns spalten is-layout-flex wp-container-core-columns-is-layout-9d6595d7 wp-block-columns-is-layout-flex\">\n<div class=\"wp-block-column first is-layout-flow wp-block-column-is-layout-flow\" style=\"flex-basis:28%\">\n<ul class=\"wp-block-list\">\n<li><strong><a href=\"https:\/\/bahnhofhilfe.ch\/fr\/\" data-type=\"page\" data-id=\"223\">Aide \u00e0 la mobilit\u00e9<\/a> &gt; <a href=\"#\">Zurich gare centrale<\/a><\/strong><\/li>\n\n\n\n<li><a href=\"https:\/\/bahnhofhilfe.ch\/fr\/autres-prestations\/\">Autres prestations<\/a><\/li>\n\n\n\n<li><a href=\"https:\/\/bahnhofhilfe.ch\/fr\/sites\/\">Sites<\/a><\/li>\n\n\n\n<li><a href=\"https:\/\/bahnhofhilfe.ch\/fr\/postes-vacantes\/\">Postes vacants<\/a><\/li>\n\n\n\n<li><a href=\"https:\/\/bahnhofhilfe.ch\/fr\/traegerschaft\/\">Organisations porteuses<\/a><\/li>\n\n\n\n<li><a href=\"https:\/\/bahnhofhilfe.ch\/fr\/dons-et-soutien\/\">Dons et soutien<\/a><\/li>\n\n\n\n<li><a href=\"https:\/\/bahnhofhilfe.ch\/fr\/liens\/\">Liens<\/a><\/li>\n<\/ul>\n\n\n\n<div style=\"height:20px\" aria-hidden=\"true\" class=\"wp-block-spacer\"><\/div>\n\n\n\n<figure class=\"wp-block-embed is-type-video is-provider-vimeo wp-block-embed-vimeo wp-embed-aspect-16-9 wp-has-aspect-ratio\"><div class=\"wp-block-embed__wrapper\">\n<iframe loading=\"lazy\" title=\"BHH Z\u00fcrich_Untertitel_1(1)\" src=\"https:\/\/player.vimeo.com\/video\/849679894?dnt=1&amp;app_id=122963\" width=\"500\" height=\"281\" frameborder=\"0\" allow=\"autoplay; fullscreen; picture-in-picture; clipboard-write; encrypted-media; web-share\" referrerpolicy=\"strict-origin-when-cross-origin\"><\/iframe>\n<\/div><\/figure>\n\n\n\n<div style=\"height:20px\" aria-hidden=\"true\" class=\"wp-block-spacer\"><\/div>\n\n\n\n<p>R\u00e9alisation et cam\u00e9ra: Ben Neumann<br>Sc\u00e9nario: Diego Steiner<\/p>\n<\/div>\n\n\n\n<div class=\"wp-block-column is-layout-flow wp-block-column-is-layout-flow\">\n<h1 class=\"wp-block-heading\">SOS Aide en Gare de Zurich<\/h1>\n\n\n\n<h2 class=\"wp-block-heading\">Prestations<\/h2>\n\n\n\n<ul class=\"wp-block-list\">\n<li>Aide \u00e0 la mobilit\u00e9<\/li>\n\n\n\n<li>Accompagnement<\/li>\n\n\n\n<li>Aide sur place<\/li>\n\n\n\n<li>Informations et renseignements<\/li>\n\n\n\n<li>Location d\u2019un fauteuil roulant (contre r\u00e9num\u00e9ration)<\/li>\n\n\n\n<li>Transmission d\u2019enfants accompagn\u00e9s sur ordre de services sociaux<\/li>\n\n\n\n<li>Espace b\u00e9b\u00e9s<\/li>\n<\/ul>\n\n\n\n<h2 class=\"wp-block-heading\">Ouvert<\/h2>\n\n\n\n<figure class=\"wp-block-table\"><table><tbody><tr><td>Lundi &#8211; samedi<\/td><td>07.00 &#8211; 20.30<\/td><\/tr><tr><td>Dimanche<\/td><td>08.00 &#8211; 20.30<\/td><\/tr><\/tbody><\/table><\/figure>\n\n\n\n<h2 class=\"wp-block-heading\">Emplacement<\/h2>\n\n\n\n<p>Niveau interm\u00e9diaire, pr\u00e8s de la salle d&rsquo;attente<\/p>\n\n\n\n<div class=\"wp-block-bod-modal-block bod-block-popup align-left\"><a href=\"javascript:void(0)\" style=\"font-size:26px \" class=\"bod-block-popup-trigger type_text\">\u00bb \u00c9quipe<\/a><div style=\"background-color:rgba(0, 0, 0, 0.1)\" class=\"bod-block-popup-overlay\" data-disabled-overlay-close=\"false\" data-disabled-escape-close=\"false\"><\/div><div role=\"dialog\" aria-modal=\"false\" aria-labelledby=\"\" aria-describedby=\"\" class=\"bod-block-popup-wrap undefined\"><div style=\"background-color:#ffffff;border-radius:10px \" class=\"bod-block-popup size-l\" data-transition=\"fade\"><div id=\"\" style=\"background-color:#ffffff;text-align:center\" class=\"bod-modal-title\"><button type=\"button\" style=\"font-size:26px \" class=\"bod-block-title-closer\" aria-label=\"Close\"><span aria-hidden=\"true\">\u00d7<\/span><\/button><\/div> <div id=\"\" style=\"padding:30px \" class=\"bod-modal-content\">\n<figure class=\"wp-block-gallery has-nested-images columns-3 is-cropped team wp-block-gallery-1 is-layout-flex wp-block-gallery-is-layout-flex\">\n<figure class=\"wp-block-image size-full\"><img loading=\"lazy\" decoding=\"async\" width=\"858\" height=\"1285\" data-id=\"2574\" src=\"https:\/\/bahnhofhilfe.ch\/wp-content\/uploads\/2025\/10\/Foto_Mara_Web.jpg\" alt=\"\" class=\"wp-image-2574\" srcset=\"https:\/\/bahnhofhilfe.ch\/wp-content\/uploads\/2025\/10\/Foto_Mara_Web.jpg 858w, https:\/\/bahnhofhilfe.ch\/wp-content\/uploads\/2025\/10\/Foto_Mara_Web-200x300.jpg 200w, https:\/\/bahnhofhilfe.ch\/wp-content\/uploads\/2025\/10\/Foto_Mara_Web-684x1024.jpg 684w, https:\/\/bahnhofhilfe.ch\/wp-content\/uploads\/2025\/10\/Foto_Mara_Web-768x1150.jpg 768w\" sizes=\"auto, (max-width: 858px) 100vw, 858px\" \/><figcaption class=\"wp-element-caption\">Mara Djukaric<\/figcaption><\/figure>\n\n\n\n<figure class=\"wp-block-image size-full\"><img loading=\"lazy\" decoding=\"async\" width=\"1312\" height=\"1963\" data-id=\"2572\" src=\"https:\/\/bahnhofhilfe.ch\/wp-content\/uploads\/2025\/10\/Foto_Bettina_Web.jpg\" alt=\"\" class=\"wp-image-2572\" srcset=\"https:\/\/bahnhofhilfe.ch\/wp-content\/uploads\/2025\/10\/Foto_Bettina_Web.jpg 1312w, https:\/\/bahnhofhilfe.ch\/wp-content\/uploads\/2025\/10\/Foto_Bettina_Web-201x300.jpg 201w, https:\/\/bahnhofhilfe.ch\/wp-content\/uploads\/2025\/10\/Foto_Bettina_Web-684x1024.jpg 684w, https:\/\/bahnhofhilfe.ch\/wp-content\/uploads\/2025\/10\/Foto_Bettina_Web-768x1149.jpg 768w, https:\/\/bahnhofhilfe.ch\/wp-content\/uploads\/2025\/10\/Foto_Bettina_Web-1027x1536.jpg 1027w\" sizes=\"auto, (max-width: 1312px) 100vw, 1312px\" \/><figcaption class=\"wp-element-caption\">Bettina Eckert<\/figcaption><\/figure>\n\n\n\n<figure class=\"wp-block-image size-full\"><img loading=\"lazy\" decoding=\"async\" width=\"610\" height=\"718\" data-id=\"2611\" src=\"https:\/\/bahnhofhilfe.ch\/wp-content\/uploads\/2025\/12\/Foto_Conny-Giger-1.jpg\" alt=\"\" class=\"wp-image-2611\" srcset=\"https:\/\/bahnhofhilfe.ch\/wp-content\/uploads\/2025\/12\/Foto_Conny-Giger-1.jpg 610w, https:\/\/bahnhofhilfe.ch\/wp-content\/uploads\/2025\/12\/Foto_Conny-Giger-1-255x300.jpg 255w\" sizes=\"auto, (max-width: 610px) 100vw, 610px\" \/><figcaption class=\"wp-element-caption\">Cornelia Giger<\/figcaption><\/figure>\n\n\n\n<figure class=\"wp-block-image size-full\"><img loading=\"lazy\" decoding=\"async\" width=\"609\" height=\"838\" data-id=\"2576\" src=\"https:\/\/bahnhofhilfe.ch\/wp-content\/uploads\/2025\/10\/Adrian_Web.jpg\" alt=\"\" class=\"wp-image-2576\" srcset=\"https:\/\/bahnhofhilfe.ch\/wp-content\/uploads\/2025\/10\/Adrian_Web.jpg 609w, https:\/\/bahnhofhilfe.ch\/wp-content\/uploads\/2025\/10\/Adrian_Web-218x300.jpg 218w\" sizes=\"auto, (max-width: 609px) 100vw, 609px\" \/><figcaption class=\"wp-element-caption\">Adrian Horv\u00e1th<\/figcaption><\/figure>\n\n\n\n<figure class=\"wp-block-image size-full\"><img loading=\"lazy\" decoding=\"async\" width=\"315\" height=\"473\" data-id=\"2400\" src=\"https:\/\/bahnhofhilfe.ch\/wp-content\/uploads\/2024\/12\/Isabelle_Homepage-002.jpg\" alt=\"\" class=\"wp-image-2400\" srcset=\"https:\/\/bahnhofhilfe.ch\/wp-content\/uploads\/2024\/12\/Isabelle_Homepage-002.jpg 315w, https:\/\/bahnhofhilfe.ch\/wp-content\/uploads\/2024\/12\/Isabelle_Homepage-002-200x300.jpg 200w\" sizes=\"auto, (max-width: 315px) 100vw, 315px\" \/><figcaption class=\"wp-element-caption\">Isabelle Mauerhofer<br>Responsable<\/figcaption><\/figure>\n\n\n\n<figure class=\"wp-block-image size-full\"><img loading=\"lazy\" decoding=\"async\" width=\"315\" height=\"473\" data-id=\"2398\" src=\"https:\/\/bahnhofhilfe.ch\/wp-content\/uploads\/2024\/12\/Oliver_Homepage-002.jpg\" alt=\"\" class=\"wp-image-2398\" srcset=\"https:\/\/bahnhofhilfe.ch\/wp-content\/uploads\/2024\/12\/Oliver_Homepage-002.jpg 315w, https:\/\/bahnhofhilfe.ch\/wp-content\/uploads\/2024\/12\/Oliver_Homepage-002-200x300.jpg 200w\" sizes=\"auto, (max-width: 315px) 100vw, 315px\" \/><figcaption class=\"wp-element-caption\">Oliver Poschung<\/figcaption><\/figure>\n\n\n\n<figure class=\"wp-block-image size-full is-style-default\"><img loading=\"lazy\" decoding=\"async\" width=\"659\" height=\"830\" data-id=\"2613\" src=\"https:\/\/bahnhofhilfe.ch\/wp-content\/uploads\/2025\/12\/Foto_Robin-Thurnherr-3.jpg\" alt=\"\" class=\"wp-image-2613\" srcset=\"https:\/\/bahnhofhilfe.ch\/wp-content\/uploads\/2025\/12\/Foto_Robin-Thurnherr-3.jpg 659w, https:\/\/bahnhofhilfe.ch\/wp-content\/uploads\/2025\/12\/Foto_Robin-Thurnherr-3-238x300.jpg 238w\" sizes=\"auto, (max-width: 659px) 100vw, 659px\" \/><figcaption class=\"wp-element-caption\">Robin Thurnherr<\/figcaption><\/figure>\n\n\n\n<figure class=\"wp-block-image size-full\"><img loading=\"lazy\" decoding=\"async\" width=\"315\" height=\"473\" data-id=\"2395\" src=\"https:\/\/bahnhofhilfe.ch\/wp-content\/uploads\/2024\/12\/Anja_Homepage-002-2.jpg\" alt=\"\" class=\"wp-image-2395\" srcset=\"https:\/\/bahnhofhilfe.ch\/wp-content\/uploads\/2024\/12\/Anja_Homepage-002-2.jpg 315w, https:\/\/bahnhofhilfe.ch\/wp-content\/uploads\/2024\/12\/Anja_Homepage-002-2-200x300.jpg 200w\" sizes=\"auto, (max-width: 315px) 100vw, 315px\" \/><figcaption class=\"wp-element-caption\">Anja Zacher<\/figcaption><\/figure>\n<\/figure>\n\n\n<\/div> <\/div> <\/div><\/div>\n<\/div>\n\n\n\n<div class=\"wp-block-column is-layout-flow wp-block-column-is-layout-flow\">\n<h2 class=\"wp-block-heading\">Contact<\/h2>\n\n\n\n<figure class=\"wp-block-table\"><table><tbody><tr><td>T\u00e9l\u00e9phone<\/td><td>+41 44 211 92 77<\/td><\/tr><tr><td>Mobile<\/td><td>+41 79 505 08 36<\/td><\/tr><\/tbody><\/table><\/figure>\n\n\n\n<p><a href=\"mailto:zuerich@bahnhofhilfe.ch\">zuerich@bahnhofhilfe.ch<\/a><\/p>\n\n\n\n<p><strong>Personne en fauteuil roulant<\/strong><br>Adressez-vous directement \u00e0:<br>Contact Center Handicap<\/p>\n\n\n\n<p>R\u00e9servez la prestation d\u2019assistance souhait\u00e9e au moins une heure avant l\u2019embarquement ou le d\u00e9barquement. Ce d\u00e9lai est de deux heures, si vous avez besoin d\u2019un service de navettes, et de 24 heures pour les voyages internationaux. Pour conna\u00eetre les exceptions, veuillez consulter la carte synoptique pour les personnes \u00e0 mobilit\u00e9 r\u00e9duite.<\/p>\n\n\n\n<figure class=\"wp-block-table is-style-regular\"><table><tbody><tr><td>Appel de Suisse<\/td><td>0800 007 102 gratuit<br>(de 5:00 \u00e0 24:00 heures)<\/td><\/tr><tr><td>Appel de l&rsquo;\u00e9tranger<\/td><td>+41 800 007 102<\/td><\/tr><\/tbody><\/table><\/figure>\n\n\n\n<p><a href=\"https:\/\/www.swisspass.ch\/handicap?lang=fr\">CFF &#8211; Formulaire en ligne<\/a><br><a href=\"http:\/\/www.sbb.ch\/handicap\">www.sbb.ch\/handicap<\/a><\/p>\n\n\n\n<h2 class=\"wp-block-heading\">Commande en ligne Aide \u00e0 la mobilit\u00e9<\/h2>\n\n\n\n<p>*\u00e9toile signifie une grille obligatoire<\/p>\n\n\n<div class=\"wpforms-container wpforms-container-full wpforms-block wpforms-block-469d5dc1-8fae-4d6b-895f-1f75064f3865\" id=\"wpforms-606\"><form id=\"wpforms-form-606\" class=\"wpforms-validate wpforms-form\" data-formid=\"606\" method=\"post\" enctype=\"multipart\/form-data\" action=\"\/fr\/wp-json\/wp\/v2\/pages\/501\" data-token=\"19374e0c36881797d53ad3162bccee09\" data-token-time=\"1777701342\"><noscript class=\"wpforms-error-noscript\">Veuillez activer JavaScript dans votre navigateur pour remplir ce formulaire.<\/noscript><div class=\"wpforms-field-container\"><div id=\"wpforms-606-field_32-container\" class=\"wpforms-field wpforms-field-text\" data-field-id=\"32\"><label class=\"wpforms-field-label\" for=\"wpforms-606-field_32\">Date du voyage <span class=\"wpforms-required-label\">*<\/span><\/label><input type=\"text\" id=\"wpforms-606-field_32\" class=\"wpforms-field-small wpforms-field-required\" name=\"wpforms[fields][32]\" required><div class=\"wpforms-field-description\">(Ex. 01.01.2023)<\/div><\/div><div id=\"wpforms-606-field_5-container\" class=\"wpforms-field wpforms-field-checkbox wpforms-list-inline\" data-field-id=\"5\"><label class=\"wpforms-field-label wpforms-label-hide\">Anrede<\/label><ul id=\"wpforms-606-field_5\"><li class=\"choice-1 depth-1\"><input type=\"checkbox\" id=\"wpforms-606-field_5_1\" name=\"wpforms[fields][5][]\" value=\"Madame\"  ><label class=\"wpforms-field-label-inline\" for=\"wpforms-606-field_5_1\">Madame<\/label><\/li><li class=\"choice-2 depth-1\"><input type=\"checkbox\" id=\"wpforms-606-field_5_2\" name=\"wpforms[fields][5][]\" value=\"Monsieur\"  ><label class=\"wpforms-field-label-inline\" for=\"wpforms-606-field_5_2\">Monsieur<\/label><\/li><\/ul><\/div><div id=\"wpforms-606-field_0-container\" class=\"wpforms-field wpforms-field-name wpforms-one-half wpforms-first\" data-field-id=\"0\"><label class=\"wpforms-field-label\" for=\"wpforms-606-field_0\">Nom <span class=\"wpforms-required-label\">*<\/span><\/label><input type=\"text\" id=\"wpforms-606-field_0\" class=\"wpforms-field-large wpforms-field-required\" name=\"wpforms[fields][0]\" required><\/div><div id=\"wpforms-606-field_4-container\" class=\"wpforms-field wpforms-field-text wpforms-one-half\" data-field-id=\"4\"><label class=\"wpforms-field-label\" for=\"wpforms-606-field_4\">Pr\u00e9nom <span class=\"wpforms-required-label\">*<\/span><\/label><input type=\"text\" id=\"wpforms-606-field_4\" class=\"wpforms-field-large wpforms-field-required\" name=\"wpforms[fields][4]\" required><\/div><div id=\"wpforms-606-field_20-container\" class=\"wpforms-field wpforms-field-text wpforms-one-third wpforms-first\" data-field-id=\"20\"><label class=\"wpforms-field-label\" for=\"wpforms-606-field_20\">No Postal <span class=\"wpforms-required-label\">*<\/span><\/label><input type=\"text\" id=\"wpforms-606-field_20\" class=\"wpforms-field-large wpforms-field-required\" name=\"wpforms[fields][20]\" required><\/div><div id=\"wpforms-606-field_6-container\" class=\"wpforms-field wpforms-field-text wpforms-two-thirds\" data-field-id=\"6\"><label class=\"wpforms-field-label\" for=\"wpforms-606-field_6\">Lieu <span class=\"wpforms-required-label\">*<\/span><\/label><input type=\"text\" id=\"wpforms-606-field_6\" class=\"wpforms-field-large wpforms-field-required\" name=\"wpforms[fields][6]\" required><\/div><div id=\"wpforms-606-field_23-container\" class=\"wpforms-field wpforms-field-phone\" data-field-id=\"23\"><label class=\"wpforms-field-label\" for=\"wpforms-606-field_23\">T\u00e9l\u00e9phone <span class=\"wpforms-required-label\">*<\/span><\/label><input type=\"tel\" id=\"wpforms-606-field_23\" class=\"wpforms-field-medium wpforms-field-required\" data-rule-int-phone-field=\"true\" name=\"wpforms[fields][23]\" aria-label=\"T\u00e9l\u00e9phone\" required><\/div><div id=\"wpforms-606-field_1-container\" class=\"wpforms-field wpforms-field-email\" data-field-id=\"1\"><label class=\"wpforms-field-label\" for=\"wpforms-606-field_1\">Courriel <span class=\"wpforms-required-label\">*<\/span><\/label><input type=\"email\" id=\"wpforms-606-field_1\" class=\"wpforms-field-large wpforms-field-required\" name=\"wpforms[fields][1]\" spellcheck=\"false\" required><\/div><div id=\"wpforms-606-field_8-container\" class=\"wpforms-field wpforms-field-text wpforms-one-half wpforms-first\" data-field-id=\"8\"><label class=\"wpforms-field-label\" for=\"wpforms-606-field_8\">Arriv\u00e9e de<\/label><input type=\"text\" id=\"wpforms-606-field_8\" class=\"wpforms-field-large\" name=\"wpforms[fields][8]\" ><\/div><div id=\"wpforms-606-field_9-container\" class=\"wpforms-field wpforms-field-text wpforms-one-half\" data-field-id=\"9\"><label class=\"wpforms-field-label\" for=\"wpforms-606-field_9\">Heure<\/label><input type=\"text\" id=\"wpforms-606-field_9\" class=\"wpforms-field-large\" name=\"wpforms[fields][9]\" ><\/div><div id=\"wpforms-606-field_10-container\" class=\"wpforms-field wpforms-field-text wpforms-one-half wpforms-first\" data-field-id=\"10\"><label class=\"wpforms-field-label\" for=\"wpforms-606-field_10\">D\u00e9part pour<\/label><input type=\"text\" id=\"wpforms-606-field_10\" class=\"wpforms-field-large\" name=\"wpforms[fields][10]\" ><\/div><div id=\"wpforms-606-field_11-container\" class=\"wpforms-field wpforms-field-text wpforms-one-half\" data-field-id=\"11\"><label class=\"wpforms-field-label\" for=\"wpforms-606-field_11\">Heure<\/label><input type=\"text\" id=\"wpforms-606-field_11\" class=\"wpforms-field-large\" name=\"wpforms[fields][11]\" ><\/div><div id=\"wpforms-606-field_14-container\" class=\"wpforms-field wpforms-field-checkbox wpforms-list-inline\" data-field-id=\"14\"><label class=\"wpforms-field-label\">Je voyage en<\/label><ul id=\"wpforms-606-field_14\"><li class=\"choice-1 depth-1\"><input type=\"checkbox\" id=\"wpforms-606-field_14_1\" name=\"wpforms[fields][14][]\" value=\"1\u00e8re classe\"  ><label class=\"wpforms-field-label-inline\" for=\"wpforms-606-field_14_1\">1\u00e8re classe<\/label><\/li><li class=\"choice-2 depth-1\"><input type=\"checkbox\" id=\"wpforms-606-field_14_2\" name=\"wpforms[fields][14][]\" value=\"2\u00e8me classe\"  ><label class=\"wpforms-field-label-inline\" for=\"wpforms-606-field_14_2\">2\u00e8me classe<\/label><\/li><\/ul><\/div><div id=\"wpforms-606-field_15-container\" class=\"wpforms-field wpforms-field-checkbox wpforms-conditional-trigger\" data-field-id=\"15\"><label class=\"wpforms-field-label\">Handicap<\/label><ul id=\"wpforms-606-field_15\"><li class=\"choice-1 depth-1\"><input type=\"checkbox\" id=\"wpforms-606-field_15_1\" name=\"wpforms[fields][15][]\" value=\" Mobilit\u00e9 r\u00e9duite \"  ><label class=\"wpforms-field-label-inline\" for=\"wpforms-606-field_15_1\">Mobilit\u00e9 r\u00e9duite<\/label><\/li><li class=\"choice-2 depth-1\"><input type=\"checkbox\" id=\"wpforms-606-field_15_2\" name=\"wpforms[fields][15][]\" value=\" Malvoyance \"  ><label class=\"wpforms-field-label-inline\" for=\"wpforms-606-field_15_2\">Malvoyance<\/label><\/li><li class=\"choice-5 depth-1\"><input type=\"checkbox\" id=\"wpforms-606-field_15_5\" name=\"wpforms[fields][15][]\" value=\"Pour le changement de train j\u2019ai besoin d\u2019un fauteuil roulant de SOS Aide en Gare\"  ><label class=\"wpforms-field-label-inline\" for=\"wpforms-606-field_15_5\">Pour le changement de train j\u2019ai besoin d\u2019un fauteuil roulant de SOS Aide en Gare<\/label><\/li><li class=\"choice-4 depth-1\"><input type=\"checkbox\" id=\"wpforms-606-field_15_4\" name=\"wpforms[fields][15][]\" value=\"Autre handicap:\"  ><label class=\"wpforms-field-label-inline\" for=\"wpforms-606-field_15_4\">Autre handicap:<\/label><\/li><\/ul><\/div><div id=\"wpforms-606-field_31-container\" class=\"wpforms-field wpforms-field-text wpforms-conditional-field wpforms-conditional-show\" data-field-id=\"31\" style=\"display:none;\"><label class=\"wpforms-field-label wpforms-label-hide\" for=\"wpforms-606-field_31\">Autre handicap<\/label><input type=\"text\" id=\"wpforms-606-field_31\" class=\"wpforms-field-large\" name=\"wpforms[fields][31]\" ><\/div><div id=\"wpforms-606-field_16-container\" class=\"wpforms-field wpforms-field-checkbox\" data-field-id=\"16\"><label class=\"wpforms-field-label\">Bagage \u00e0 main <span class=\"wpforms-required-label\">*<\/span><\/label><ul id=\"wpforms-606-field_16\" class=\"wpforms-field-required\"><li class=\"choice-1 depth-1\"><input type=\"checkbox\" id=\"wpforms-606-field_16_1\" name=\"wpforms[fields][16][]\" value=\"Je transporte mon bagage \u00e0 main sans l\u2019aide de tiers\" required ><label class=\"wpforms-field-label-inline\" for=\"wpforms-606-field_16_1\">Je transporte mon bagage \u00e0 main sans l\u2019aide de tiers<\/label><\/li><\/ul><\/div><div id=\"wpforms-606-field_17-container\" class=\"wpforms-field wpforms-field-checkbox\" data-field-id=\"17\"><label class=\"wpforms-field-label\">Valises <span class=\"wpforms-required-label\">*<\/span><\/label><ul id=\"wpforms-606-field_17\" class=\"wpforms-field-required\"><li class=\"choice-1 depth-1\"><input type=\"checkbox\" id=\"wpforms-606-field_17_1\" name=\"wpforms[fields][17][]\" value=\"Je mettrai mes valises en bagage accompagn\u00e9\" required ><label class=\"wpforms-field-label-inline\" for=\"wpforms-606-field_17_1\">Je mettrai mes valises en bagage accompagn\u00e9<\/label><\/li><\/ul><\/div><div id=\"wpforms-606-field_21-container\" class=\"wpforms-field wpforms-field-textarea\" data-field-id=\"21\"><label class=\"wpforms-field-label\" for=\"wpforms-606-field_21\">Remarques<\/label><textarea id=\"wpforms-606-field_21\" class=\"wpforms-field-medium\" name=\"wpforms[fields][21]\" ><\/textarea><\/div><div id=\"wpforms-606-field_33-container\" class=\"wpforms-field wpforms-field-html\" data-field-id=\"33\"><div id=\"wpforms-606-field_33\"><a href=\"https:\/\/bahnhofhilfe.ch\/fr\/declaration-de-confidentialite\/\"  target=\"_blank\"> \u00bb D\u00e9claration de confidentialit\u00e9<\/a><\/div><\/div><div id=\"wpforms-606-field_18-container\" class=\"wpforms-field wpforms-field-checkbox\" data-field-id=\"18\"><label class=\"wpforms-field-label wpforms-label-hide\">D\u00e9claration de confidentialit\u00e9 <span class=\"wpforms-required-label\">*<\/span><\/label><ul id=\"wpforms-606-field_18\" class=\"wpforms-field-required\"><li class=\"choice-1 depth-1\"><input type=\"checkbox\" id=\"wpforms-606-field_18_1\" name=\"wpforms[fields][18][]\" value=\"J&#039;ai lu la d\u00e9claration de confidentialit\u00e9\" required ><label class=\"wpforms-field-label-inline\" for=\"wpforms-606-field_18_1\">J&rsquo;ai lu la d\u00e9claration de confidentialit\u00e9<\/label><\/li><\/ul><\/div><div id=\"wpforms-606-field_28-container\" class=\"wpforms-field wpforms-field-checkbox\" data-field-id=\"28\"><label class=\"wpforms-field-label wpforms-label-hide\">J\u2019aimerais obtenir une copie de la commande par courriel<\/label><ul id=\"wpforms-606-field_28\"><li class=\"choice-1 depth-1\"><input type=\"checkbox\" id=\"wpforms-606-field_28_1\" name=\"wpforms[fields][28][]\" value=\"J\u2019aimerais obtenir une copie de la commande par courriel \"  ><label class=\"wpforms-field-label-inline\" for=\"wpforms-606-field_28_1\">J\u2019aimerais obtenir une copie de la commande par courriel<\/label><\/li><\/ul><\/div><\/div><!-- .wpforms-field-container --><div class=\"wpforms-submit-container\" ><input type=\"hidden\" name=\"wpforms[id]\" value=\"606\"><input type=\"hidden\" name=\"page_title\" value=\"\"><input type=\"hidden\" name=\"page_url\" value=\"https:\/\/bahnhofhilfe.ch\/fr\/wp-json\/wp\/v2\/pages\/501\"><input type=\"hidden\" name=\"url_referer\" value=\"\"><button type=\"submit\" name=\"wpforms[submit]\" id=\"wpforms-submit-606\" class=\"wpforms-submit\" data-alt-text=\"Envoyer...\" data-submit-text=\"Envoyer\" aria-live=\"assertive\" value=\"wpforms-submit\">Envoyer<\/button><\/div><\/form><\/div>  <!-- .wpforms-container -->\n\n\n<p><strong>Confirmation de la commande<\/strong><br>L\u2019Aide en Gare confirmera votre commande.<br><strong><br>Point de rendez-vous<\/strong><br>L\u2019Aide en Gare fixera le lieu et l\u2019heure du rendez-vous.<\/p>\n<\/div>\n<\/div>\n\n\n\n<p><\/p>\n","protected":false},"excerpt":{"rendered":"<p>R\u00e9alisation et cam\u00e9ra: Ben NeumannSc\u00e9nario: Diego Steiner SOS Aide en Gare de Zurich Prestations Ouvert Lundi &#8211; samedi 07.00 &#8211; 20.30 Dimanche 08.00 &#8211; 20.30 Emplacement Niveau interm\u00e9diaire, pr\u00e8s de la salle d&rsquo;attente Contact T\u00e9l\u00e9phone +41 44 211 92 77 Mobile +41 79 505 08 36 zuerich@bahnhofhilfe.ch Personne en fauteuil roulantAdressez-vous directement \u00e0:Contact Center Handicap [&hellip;]<\/p>\n","protected":false},"author":1,"featured_media":0,"parent":0,"menu_order":0,"comment_status":"closed","ping_status":"closed","template":"","meta":{"_genesis_hide_title":true,"_genesis_hide_breadcrumbs":false,"_genesis_hide_singular_image":false,"_genesis_hide_footer_widgets":false,"_genesis_custom_body_class":"","_genesis_custom_post_class":"","_genesis_layout":"","footnotes":""},"class_list":{"0":"post-501","1":"page","2":"type-page","3":"status-publish","5":"entry"},"_links":{"self":[{"href":"https:\/\/bahnhofhilfe.ch\/fr\/wp-json\/wp\/v2\/pages\/501","targetHints":{"allow":["GET"]}}],"collection":[{"href":"https:\/\/bahnhofhilfe.ch\/fr\/wp-json\/wp\/v2\/pages"}],"about":[{"href":"https:\/\/bahnhofhilfe.ch\/fr\/wp-json\/wp\/v2\/types\/page"}],"author":[{"embeddable":true,"href":"https:\/\/bahnhofhilfe.ch\/fr\/wp-json\/wp\/v2\/users\/1"}],"replies":[{"embeddable":true,"href":"https:\/\/bahnhofhilfe.ch\/fr\/wp-json\/wp\/v2\/comments?post=501"}],"version-history":[{"count":9,"href":"https:\/\/bahnhofhilfe.ch\/fr\/wp-json\/wp\/v2\/pages\/501\/revisions"}],"predecessor-version":[{"id":2668,"href":"https:\/\/bahnhofhilfe.ch\/fr\/wp-json\/wp\/v2\/pages\/501\/revisions\/2668"}],"wp:attachment":[{"href":"https:\/\/bahnhofhilfe.ch\/fr\/wp-json\/wp\/v2\/media?parent=501"}],"curies":[{"name":"wp","href":"https:\/\/api.w.org\/{rel}","templated":true}]}}