{"id":728,"date":"2021-07-07T10:32:27","date_gmt":"2021-07-07T10:32:27","guid":{"rendered":"https:\/\/bahnhofhilfe.ch\/?page_id=728"},"modified":"2021-07-07T10:33:15","modified_gmt":"2021-07-07T10:33:15","slug":"don-geneve","status":"publish","type":"page","link":"https:\/\/bahnhofhilfe.ch\/fr\/dons-et-soutien\/don-geneve\/","title":{"rendered":"Don Geneve"},"content":{"rendered":"\n<div class=\"wp-block-columns spalten is-layout-flex wp-container-core-columns-is-layout-9d6595d7 wp-block-columns-is-layout-flex\">\n<div class=\"wp-block-column first is-layout-flow wp-block-column-is-layout-flow\" style=\"flex-basis:28%\">\n<ul class=\"wp-block-list\"><li><a href=\"https:\/\/bahnhofhilfe.ch\/fr\/#\">Aide \u00e0 la mobilit\u00e9<\/a><\/li><li><a href=\"https:\/\/bahnhofhilfe.ch\/fr\/autres-prestations\/\">Autres prestations<\/a><\/li><li><a href=\"https:\/\/bahnhofhilfe.ch\/fr\/sites\/\" data-type=\"page\" data-id=\"264\">Sites<\/a><\/li><li><a href=\"https:\/\/bahnhofhilfe.ch\/fr\/postes-vacantes\/\">Postes vacants<\/a><\/li><li><a href=\"https:\/\/bahnhofhilfe.ch\/fr\/traegerschaft\/\">Organisations porteuses<\/a><\/li><li><a href=\"https:\/\/bahnhofhilfe.ch\/fr\/dons-et-soutien\/\"><strong>Dons et soutien<\/strong><\/a><\/li><li><a href=\"https:\/\/bahnhofhilfe.ch\/fr\/liens\/\">Liens<\/a><\/li><\/ul>\n<\/div>\n\n\n\n<div class=\"wp-block-column is-layout-flow wp-block-column-is-layout-flow\">\n<h1 class=\"wp-block-heading\">Don SOS Aide en Gare de Gen\u00e8ve<\/h1>\n\n\n\n<p><strong>J&rsquo;aimerais faire un don pour SOS Aide en Gare de Gen\u00e8ve.<\/strong><br>Envoyez-moi un bulletin de versement s.v.p.:<\/p>\n\n\n<div class=\"wpforms-container wpforms-container-full wpforms-block\" id=\"wpforms-631\"><form id=\"wpforms-form-631\" class=\"wpforms-validate wpforms-form\" data-formid=\"631\" method=\"post\" enctype=\"multipart\/form-data\" action=\"\/fr\/wp-json\/wp\/v2\/pages\/728\" data-token=\"7dcac4900c9059c1b1bb7c7f1635be81\" data-token-time=\"1777805276\"><noscript class=\"wpforms-error-noscript\">Veuillez activer JavaScript dans votre navigateur pour remplir ce formulaire.<\/noscript><div class=\"wpforms-field-container\"><div id=\"wpforms-631-field_0-container\" class=\"wpforms-field wpforms-field-name\" data-field-id=\"0\"><label class=\"wpforms-field-label\" for=\"wpforms-631-field_0\">Nom <span class=\"wpforms-required-label\">*<\/span><\/label><input type=\"text\" id=\"wpforms-631-field_0\" class=\"wpforms-field-large wpforms-field-required\" name=\"wpforms[fields][0]\" required><\/div><div id=\"wpforms-631-field_3-container\" class=\"wpforms-field wpforms-field-text\" data-field-id=\"3\"><label class=\"wpforms-field-label\" for=\"wpforms-631-field_3\">Rue <span class=\"wpforms-required-label\">*<\/span><\/label><input type=\"text\" id=\"wpforms-631-field_3\" class=\"wpforms-field-large wpforms-field-required\" name=\"wpforms[fields][3]\" required><\/div><div id=\"wpforms-631-field_11-container\" class=\"wpforms-field wpforms-field-text wpforms-one-third wpforms-first\" data-field-id=\"11\"><label class=\"wpforms-field-label\" for=\"wpforms-631-field_11\">No Postal <span class=\"wpforms-required-label\">*<\/span><\/label><input type=\"text\" id=\"wpforms-631-field_11\" class=\"wpforms-field-large wpforms-field-required\" name=\"wpforms[fields][11]\" required><\/div><div id=\"wpforms-631-field_12-container\" class=\"wpforms-field wpforms-field-text wpforms-two-thirds\" data-field-id=\"12\"><label class=\"wpforms-field-label\" for=\"wpforms-631-field_12\">Lieu <span class=\"wpforms-required-label\">*<\/span><\/label><input type=\"text\" id=\"wpforms-631-field_12\" class=\"wpforms-field-large wpforms-field-required\" name=\"wpforms[fields][12]\" required><\/div><div id=\"wpforms-631-field_5-container\" class=\"wpforms-field wpforms-field-text\" data-field-id=\"5\"><label class=\"wpforms-field-label\" for=\"wpforms-631-field_5\">T\u00e9l\u00e9phone<\/label><input type=\"text\" id=\"wpforms-631-field_5\" class=\"wpforms-field-large\" name=\"wpforms[fields][5]\" ><\/div><div id=\"wpforms-631-field_1-container\" class=\"wpforms-field wpforms-field-email\" data-field-id=\"1\"><label class=\"wpforms-field-label\" for=\"wpforms-631-field_1\">Courriel<\/label><input type=\"email\" id=\"wpforms-631-field_1\" class=\"wpforms-field-large\" name=\"wpforms[fields][1]\" spellcheck=\"false\" ><\/div><\/div><!-- .wpforms-field-container --><div class=\"wpforms-submit-container\" ><input type=\"hidden\" name=\"wpforms[id]\" value=\"631\"><input type=\"hidden\" name=\"page_title\" value=\"\"><input type=\"hidden\" name=\"page_url\" value=\"https:\/\/bahnhofhilfe.ch\/fr\/wp-json\/wp\/v2\/pages\/728\"><input type=\"hidden\" name=\"url_referer\" value=\"\"><button type=\"submit\" name=\"wpforms[submit]\" id=\"wpforms-submit-631\" class=\"wpforms-submit\" data-alt-text=\"Envoyer...\" data-submit-text=\"Envoyer\" aria-live=\"assertive\" value=\"wpforms-submit\">Envoyer<\/button><\/div><\/form><\/div>  <!-- .wpforms-container --><\/div>\n<\/div>\n","protected":false},"excerpt":{"rendered":"<p>Aide \u00e0 la mobilit\u00e9 Autres prestations Sites Postes vacants Organisations porteuses Dons et soutien Liens Don SOS Aide en Gare de Gen\u00e8ve J&rsquo;aimerais faire un don pour SOS Aide en Gare de Gen\u00e8ve.Envoyez-moi un bulletin de versement s.v.p.:<\/p>\n","protected":false},"author":1,"featured_media":0,"parent":280,"menu_order":0,"comment_status":"closed","ping_status":"closed","template":"","meta":{"_genesis_hide_title":true,"_genesis_hide_breadcrumbs":false,"_genesis_hide_singular_image":false,"_genesis_hide_footer_widgets":false,"_genesis_custom_body_class":"","_genesis_custom_post_class":"","_genesis_layout":"","footnotes":""},"class_list":{"0":"post-728","1":"page","2":"type-page","3":"status-publish","5":"entry"},"_links":{"self":[{"href":"https:\/\/bahnhofhilfe.ch\/fr\/wp-json\/wp\/v2\/pages\/728","targetHints":{"allow":["GET"]}}],"collection":[{"href":"https:\/\/bahnhofhilfe.ch\/fr\/wp-json\/wp\/v2\/pages"}],"about":[{"href":"https:\/\/bahnhofhilfe.ch\/fr\/wp-json\/wp\/v2\/types\/page"}],"author":[{"embeddable":true,"href":"https:\/\/bahnhofhilfe.ch\/fr\/wp-json\/wp\/v2\/users\/1"}],"replies":[{"embeddable":true,"href":"https:\/\/bahnhofhilfe.ch\/fr\/wp-json\/wp\/v2\/comments?post=728"}],"version-history":[{"count":0,"href":"https:\/\/bahnhofhilfe.ch\/fr\/wp-json\/wp\/v2\/pages\/728\/revisions"}],"up":[{"embeddable":true,"href":"https:\/\/bahnhofhilfe.ch\/fr\/wp-json\/wp\/v2\/pages\/280"}],"wp:attachment":[{"href":"https:\/\/bahnhofhilfe.ch\/fr\/wp-json\/wp\/v2\/media?parent=728"}],"curies":[{"name":"wp","href":"https:\/\/api.w.org\/{rel}","templated":true}]}}